{"id":177,"date":"2018-10-30T16:55:18","date_gmt":"2018-10-30T16:55:18","guid":{"rendered":"http:\/\/odsfm.com\/?page_id=177"},"modified":"2025-12-29T15:10:33","modified_gmt":"2025-12-29T15:10:33","slug":"projects","status":"publish","type":"page","link":"https:\/\/odsfm.com\/en\/projects\/","title":{"rendered":"Projects"},"content":{"rendered":"<h3><b>Book Projects<br \/>\n<\/b><\/h3>\n<p><a href=\"https:\/\/odsfm.com\/naturgeschichtchen\/\"><img loading=\"lazy\" decoding=\"async\" class=\"alignnone wp-image-1428\" src=\"https:\/\/odsfm.com\/wp-content\/uploads\/2019\/07\/NGchen-1.jpg\" alt=\"\" width=\"179\" height=\"180\" \/><\/a><a href=\"https:\/\/odsfm.com\/zum-greifen-nah\/\"><img loading=\"lazy\" decoding=\"async\" class=\"alignnone wp-image-1430\" src=\"https:\/\/odsfm.com\/wp-content\/uploads\/2019\/07\/Sterne.jpg\" alt=\"\" width=\"132\" height=\"180\" \/><\/a><a href=\"https:\/\/verlag-regionalkultur.de\/buecher\/reise-kultur-naturfuehrer\/naturgeschichte-allgaeu\"><img loading=\"lazy\" decoding=\"async\" class=\"alignnone wp-image-1432\" src=\"https:\/\/odsfm.com\/wp-content\/uploads\/2019\/07\/NG.jpg\" alt=\"\" width=\"130\" height=\"180\" \/><\/a><a href=\"https:\/\/odsfm.com\/wp-content\/uploads\/2018\/11\/Discover_Inhambane_Nature.pdf\"><img loading=\"lazy\" decoding=\"async\" class=\"alignnone wp-image-1434\" src=\"https:\/\/odsfm.com\/wp-content\/uploads\/2019\/07\/Inhambane.jpg\" alt=\"\" width=\"136\" height=\"180\" \/><\/a><a href=\"https:\/\/odsfm.com\/entomology\/\"><img loading=\"lazy\" decoding=\"async\" class=\"alignnone wp-image-1438\" src=\"https:\/\/odsfm.com\/wp-content\/uploads\/2019\/07\/Ento.jpg\" alt=\"\" width=\"115\" height=\"180\" \/><\/a><\/p>\n<map id=\"map0\" name=\"map0\">\n<area id=\"\" coords=\"202,282,369,534\" shape=\"rect\" href=\"https:\/\/odsfm.com\/en\/entomology\/\" \/>\n<area id=\"\" coords=\"8,276,188,539\" shape=\"rect\" href=\"https:\/\/odsfm.com\/wp-content\/uploads\/2018\/11\/Discover_Inhambane_Nature.pdf\" \/>\n<area id=\"\" coords=\"458,5,633,271\" shape=\"rect\" href=\"https:\/\/odsfm.com\/naturgeschichte\/\" \/>\n<area id=\"\" coords=\"262,4,445,269\" shape=\"rect\" href=\"https:\/\/odsfm.com\/zum-greifen-nah\/\" \/>\n<area id=\"\" coords=\"11,8,257,268\" shape=\"rect\" href=\"https:\/\/odsfm.com\/naturgeschichtchen\/\" \/>\n <\/map>\n<ul>\n<li><a href=\"https:\/\/odsfm.com\/naturgeschichtchen\/\">Naturgeschichtchen Allg\u00e4u<\/a><\/li>\n<li><a href=\"https:\/\/odsfm.com\/zum-greifen-nah\/\">Zum Greifen nah: Die Sterne \u00fcber dem Allg\u00e4u<\/a><\/li>\n<li><a href=\"https:\/\/odsfm.com\/naturgeschichte\/\">Naturgeschichte Allg\u00e4u<\/a><\/li>\n<li>Discover Inhabane Nature (<a href=\"https:\/\/odsfm.com\/wp-content\/uploads\/2018\/11\/Discover_Inhambane_Nature.pdf\">Leseprobe<\/a>)<\/li>\n<li><a href=\"https:\/\/odsfm.com\/entomology\/\">Entomology &#8211; A Textbook for Students, Agriculturalists and Foresters in Papua New Guinea<\/a><\/li>\n<\/ul>\n<h3><b>Environmental Education<\/b><\/h3>\n<p>Digital information is in, infotainment instead of textbased information<\/p>\n<table>\n<tbody>\n<tr>\n<td><img loading=\"lazy\" decoding=\"async\" class=\"alignnone  wp-image-2682\" src=\"https:\/\/odsfm.com\/wp-content\/uploads\/2025\/09\/Infowuerfel-DT-Primavera-2.jpg\" alt=\"\" width=\"366\" height=\"275\" \/><\/p>\n<p><strong>Information System<\/strong> for <a href=\"https:\/\/www.primaveralife.com\/\">Primavera Life<\/a><\/td>\n<td>\u00a0<img loading=\"lazy\" decoding=\"async\" class=\"alignnone  wp-image-2769\" src=\"https:\/\/odsfm.com\/wp-content\/uploads\/2025\/09\/PVL-Kids-Memory-1.jpg\" alt=\"\" width=\"450\" height=\"338\" \/><\/td>\n<\/tr>\n<\/tbody>\n<\/table>\n<table>\n<tbody>\n<tr>\n<td><strong><img decoding=\"async\" src=\"https:\/\/odsfm.com\/wp-content\/uploads\/2021\/04\/Quartett-1.png\" \/><\/strong><\/td>\n<td>\u00a0 \u00a0 \u00a0 \u00a0\u00a0<img decoding=\"async\" src=\"https:\/\/odsfm.com\/wp-content\/uploads\/2021\/04\/Arche-Noah-Logo-1.png\" \/><\/p>\n<p><strong>Project Management <\/strong><a href=\"https:\/\/biodiv-arche.de\/\">Arche Noah Biodiversity Project<\/a><\/td>\n<\/tr>\n<\/tbody>\n<\/table>\n<table>\n<tbody>\n<tr>\n<td><a href=\"https:\/\/odsfm.com\/wp-content\/uploads\/2020\/05\/Wuerfel-NESS-7.jpg\"><img loading=\"lazy\" decoding=\"async\" class=\"alignnone wp-image-1609\" src=\"https:\/\/odsfm.com\/wp-content\/uploads\/2020\/05\/Wuerfel-NESS-7.jpg\" alt=\"\" width=\"400\" height=\"300\" \/><\/a><strong>Naturerlebnisstation Burgberg <\/strong>(Info Cubes)<\/td>\n<td>\u00a0 \u00a0 \u00a0 \u00a0 <a href=\"https:\/\/odsfm.com\/wp-content\/uploads\/2020\/05\/Wuerfel-NESS-5.jpg\"><img loading=\"lazy\" decoding=\"async\" class=\"alignnone wp-image-1607\" src=\"https:\/\/odsfm.com\/wp-content\/uploads\/2020\/05\/Wuerfel-NESS-5.jpg\" alt=\"\" width=\"400\" height=\"300\" \/><\/a><\/td>\n<\/tr>\n<\/tbody>\n<\/table>\n<table>\n<tbody>\n<tr>\n<td><a href=\"https:\/\/www.isnybaehnle.de\/\" target=\"_blank\" rel=\"noopener\"><img loading=\"lazy\" decoding=\"async\" class=\"aligncenter wp-image-1596\" src=\"https:\/\/odsfm.com\/wp-content\/uploads\/2020\/05\/Isny-Baehnle-2.jpg\" alt=\"\" width=\"480\" height=\"235\" \/><\/a><\/p>\n<p style=\"text-align: center;\"><strong>Isny-B\u00e4hnle<\/strong> (Info Boards, Homepage)<\/p>\n<\/td>\n<td style=\"padding-left: 30px;\">\n<p style=\"text-align: center;\"><a href=\"http:\/\/lpv-unterallgaeu.de\/infotrail\/\" target=\"_blank\" rel=\"noopener\"><img loading=\"lazy\" decoding=\"async\" class=\"aligncenter wp-image-1148\" src=\"https:\/\/odsfm.com\/wp-content\/uploads\/2019\/04\/Werbegrafik-f%C3%BCr-Appstore-richtig-e1588339764881.jpg\" alt=\"\" width=\"396\" height=\"280\" \/><\/a><\/p>\n<p style=\"text-align: center;\"><strong>Infotrail Kettershausen<\/strong> (mobile App)<\/p>\n<\/td>\n<\/tr>\n<\/tbody>\n<\/table>\n<table>\n<tbody>\n<tr>\n<td><a href=\"http:\/\/www.bachmuschel.de\/geocaching-bachmuschel-safari\/\"><img loading=\"lazy\" decoding=\"async\" class=\"alignnone wp-image-861\" src=\"https:\/\/odsfm.com\/wp-content\/uploads\/2019\/02\/Beginn.jpg\" alt=\"\" width=\"480\" height=\"270\" \/><\/a><\/p>\n<p style=\"text-align: center;\"><strong>Bachmuschel-Safari<\/strong> (Geocache)<\/p>\n<\/td>\n<td>\n<p style=\"padding-left: 30px;\"><a href=\"https:\/\/odsfm.com\/wp-content\/uploads\/2018\/11\/Azurjungfer_im_Unterallgaeu.pdf\"><img loading=\"lazy\" decoding=\"async\" class=\"alignnone wp-image-863\" src=\"https:\/\/odsfm.com\/wp-content\/uploads\/2019\/02\/Libellenflyer.jpg\" alt=\"\" width=\"380\" height=\"270\" \/><\/a><\/p>\n<p style=\"text-align: center;\"><strong>Damselflies in Unterallg\u00e4u<\/strong> (Leaflet)<\/p>\n<\/td>\n<\/tr>\n<\/tbody>\n<\/table>\n<table class=\"custom-table\" width=\"903\">\n<tbody>\n<tr>\n<td><a href=\"http:\/\/www.bachmuschel.de\"><img loading=\"lazy\" decoding=\"async\" class=\"wp-image-881 alignnone\" src=\"https:\/\/odsfm.com\/wp-content\/uploads\/2019\/02\/Bachmuschel_im_Unterallg%C3%A4u_Logo_transe-1.png\" alt=\"\" width=\"285\" height=\"86\" \/><\/a><\/td>\n<td><a href=\"http:\/\/www.azurjungfer.de\"><img loading=\"lazy\" decoding=\"async\" class=\"wp-image-889 alignnone\" src=\"https:\/\/odsfm.com\/wp-content\/uploads\/2019\/02\/LibelleniU_Logo2.png\" alt=\"\" width=\"249\" height=\"239\" \/><\/a><\/td>\n<td><a href=\"http:\/\/www.wertachnatur.de\/\"><img loading=\"lazy\" decoding=\"async\" class=\"wp-image-886 alignnone\" src=\"https:\/\/odsfm.com\/wp-content\/uploads\/2019\/02\/WertachNatur.png\" alt=\"\" width=\"265\" height=\"254\" \/><\/a><\/td>\n<\/tr>\n<tr>\n<td style=\"text-align: center;\"><strong>River Mussel in Unterallg\u00e4u<br \/>\n<\/strong>(Homepage)<\/td>\n<td style=\"text-align: center;\"><strong>Damselflies in Unterallg\u00e4u<br \/>\n<\/strong>(Homepage)<\/td>\n<td style=\"text-align: center;\"><strong>Auf Landschaftserlebnistour<br \/>\n<\/strong><strong>an der Wertach <\/strong>(Molile App)<\/td>\n<\/tr>\n<\/tbody>\n<\/table>\n<table width=\"905\">\n<tbody>\n<tr>\n<td><a href=\"https:\/\/odsfm.com\/wildlehrpfad-wertach\/\"><img loading=\"lazy\" decoding=\"async\" class=\"alignleft wp-image-409\" src=\"https:\/\/odsfm.com\/wp-content\/uploads\/2018\/11\/Igel111.jpg\" alt=\"\" width=\"255\" height=\"350\" \/><\/a><\/td>\n<td><a href=\"https:\/\/odsfm.com\/wildlehrpfad-wertach\/\"><img loading=\"lazy\" decoding=\"async\" class=\"alignleft wp-image-425\" src=\"https:\/\/odsfm.com\/wp-content\/uploads\/2018\/11\/Dachs112.jpg\" alt=\"\" width=\"252\" height=\"350\" \/><\/a><\/td>\n<td><a href=\"https:\/\/odsfm.com\/wildlehrpfad-wertach\/\"><img loading=\"lazy\" decoding=\"async\" class=\"alignleft wp-image-419\" src=\"https:\/\/odsfm.com\/wp-content\/uploads\/2018\/11\/Hansenspur111.jpg\" alt=\"\" width=\"256\" height=\"350\" \/><\/a><\/td>\n<\/tr>\n<\/tbody>\n<\/table>\n<p><strong>Wildlife Trail at Wertach<\/strong> (Info Boards)<\/p>\n<table>\n<tbody>\n<tr>\n<td><a href=\"https:\/\/odsfm.com\/lehrpfade-niedersonthofen\/\"><img loading=\"lazy\" decoding=\"async\" class=\"wp-image-266 alignnone\" src=\"https:\/\/odsfm.com\/wp-content\/uploads\/2018\/11\/KiWaPFa.jpg\" alt=\"\" width=\"398\" height=\"279\" \/><\/a><\/td>\n<td style=\"padding-left: 30px;\"><a href=\"https:\/\/odsfm.com\/lehrpfade-niedersonthofen\/\"><img loading=\"lazy\" decoding=\"async\" class=\"wp-image-263 alignnone\" src=\"https:\/\/odsfm.com\/wp-content\/uploads\/2018\/11\/Kinderwagenpfad9.jpg\" alt=\"\" width=\"398\" height=\"276\" \/><\/a><\/td>\n<\/tr>\n<\/tbody>\n<\/table>\n<p><strong>Info Trails at Niedersonthofen<\/strong> (Info Boards)<\/p>\n<table>\n<tbody>\n<tr>\n<td><a href=\"https:\/\/odsfm.com\/naturerlebnis\/\"><img loading=\"lazy\" decoding=\"async\" class=\"alignleft wp-image-280\" src=\"https:\/\/odsfm.com\/wp-content\/uploads\/2018\/11\/Fledermaus__Zwerg-11.jpg\" alt=\"\" width=\"376\" height=\"300\" \/><\/a><\/p>\n<p style=\"text-align: center;\"><strong>Nature Experience<br \/>\n<\/strong>Hotel Pfeifferm\u00fchle<\/p>\n<\/td>\n<td><a href=\"https:\/\/odsfm.com\/wp-content\/uploads\/2018\/11\/Lehrpfad-1.pdf\"><img loading=\"lazy\" decoding=\"async\" class=\"alignleft wp-image-913\" src=\"https:\/\/odsfm.com\/wp-content\/uploads\/2019\/02\/Geh%C3%B6lz-Lehrpfad.jpg\" alt=\"\" width=\"423\" height=\"300\" \/><\/a><\/p>\n<p style=\"text-align: center;\"><strong>Educational Woodland Trail<br \/>\n<\/strong>Hotel Pfeifferm\u00fchle<\/p>\n<\/td>\n<\/tr>\n<\/tbody>\n<\/table>\n<table>\n<tbody>\n<tr>\n<td style=\"text-align: center;\"><a href=\"https:\/\/odsfm.com\/Database\/index.htm\"><img loading=\"lazy\" decoding=\"async\" class=\"alignnone wp-image-918\" src=\"https:\/\/odsfm.com\/wp-content\/uploads\/2019\/02\/Vertebrates-of-Mozambique.jpg\" alt=\"\" width=\"257\" height=\"255\" \/><\/a><strong><br \/>\nDabase of Vertebrates <\/strong><strong>and<br \/>\n<\/strong><strong>Centres of Vertebrate Diversity<br \/>\n<\/strong><strong>in Mozambique<\/strong><\/td>\n<td style=\"padding-left: 30px; text-align: center;\"><a href=\"http:\/\/www.odsfm.com\/wp-content\/uploads\/CDBinatang\/index.html\"><img loading=\"lazy\" decoding=\"async\" class=\"wp-image-920 alignnone\" src=\"https:\/\/odsfm.com\/wp-content\/uploads\/2019\/02\/Binatang.jpg\" alt=\"\" width=\"250\" height=\"255\" \/><\/a><strong><br \/>\nBinatang &#8211; A Pictorial Catalogue<br \/>\nof Papua New Guinea&#8217;s Insects<\/strong><br \/>\nInteractive CD-ROM<\/td>\n<td style=\"padding-left: 30px; text-align: center;\"><a href=\"https:\/\/odsfm.com\/InsectPestKey\/\"><img loading=\"lazy\" decoding=\"async\" class=\"alignnone wp-image-922\" src=\"https:\/\/odsfm.com\/wp-content\/uploads\/2019\/02\/Forest-Insect-Pests.jpg\" alt=\"\" width=\"255\" height=\"255\" \/><\/a><br \/>\n<strong>Key to the<br \/>\nForest Insect Pests<br \/>\nof Papua New Guinea<\/strong><\/td>\n<\/tr>\n<\/tbody>\n<\/table>\n<table>\n<tbody>\n<tr>\n<td style=\"text-align: center;\"><a href=\"https:\/\/odsfm.com\/wp-content\/uploads\/2018\/11\/mareja3-1.pdf\"><img loading=\"lazy\" decoding=\"async\" class=\"alignnone wp-image-935\" src=\"https:\/\/odsfm.com\/wp-content\/uploads\/2019\/02\/butterflies-Mareja.jpg\" alt=\"\" width=\"261\" height=\"330\" \/><\/a><strong><br \/>\n<\/strong><strong>Butterflies of Mareja Reserve<\/strong><\/td>\n<td style=\"padding-left: 30px; text-align: center;\"><a href=\"https:\/\/odsfm.com\/wp-content\/uploads\/2018\/11\/mareja2-1.pdf\"><img loading=\"lazy\" decoding=\"async\" class=\"alignnone wp-image-937\" src=\"https:\/\/odsfm.com\/wp-content\/uploads\/2019\/02\/frogs-Mareja.jpg\" alt=\"\" width=\"227\" height=\"330\" \/><\/a><br \/>\n<strong>Frogs of\u00a0 <\/strong><strong>Mareja Reserve<\/strong><\/td>\n<td style=\"padding-left: 30px; text-align: center;\"><a href=\"https:\/\/odsfm.com\/wp-content\/uploads\/2018\/11\/mareja1-1.pdf\"><img loading=\"lazy\" decoding=\"async\" class=\"alignnone wp-image-939\" src=\"https:\/\/odsfm.com\/wp-content\/uploads\/2019\/02\/tracks-signs-Mareja.jpg\" alt=\"\" width=\"260\" height=\"330\" \/><\/a><br \/>\n<strong>Tracks and Signs in <\/strong><strong>Mareja Reserve<\/strong><\/td>\n<\/tr>\n<\/tbody>\n<\/table>\n<p><strong><br \/>\nNatural History Poster for <\/strong><strong>Mareja Reserve<\/strong><strong>, Mosambique<\/strong><\/p>\n<table>\n<tbody>\n<tr>\n<td style=\"text-align: center;\"><a href=\"https:\/\/odsfm.com\/wp-content\/uploads\/2018\/11\/insbox8.jpg\"><img loading=\"lazy\" decoding=\"async\" class=\"wp-image-440 alignnone\" src=\"https:\/\/odsfm.com\/wp-content\/uploads\/2018\/11\/insbox8-1.jpg\" alt=\"\" width=\"400\" height=\"317\" \/><\/a><br \/>\n<strong>Butterflies of Covane<\/strong><\/td>\n<td style=\"padding-left: 30px; text-align: center;\"><a href=\"https:\/\/odsfm.com\/wp-content\/uploads\/2018\/11\/insbox3.jpg\"><img loading=\"lazy\" decoding=\"async\" class=\"wp-image-442 alignnone\" src=\"https:\/\/odsfm.com\/wp-content\/uploads\/2018\/11\/insbox3-1.jpg\" alt=\"\" width=\"400\" height=\"326\" \/><\/a><br \/>\n<strong>Beetles of Covane<\/strong><\/td>\n<\/tr>\n<\/tbody>\n<\/table>\n<p><strong>Insect Boxes for <\/strong><a href=\"http:\/\/www.covanecommunitylodge.com\/\"><strong>Covane Community Lodge<\/strong><\/a><strong>,<\/strong> <strong>Mosambique<\/strong><\/p>\n<p><a href=\"https:\/\/odsfm.com\/wp-content\/uploads\/2018\/11\/PNG_insects-1.pdf\"><img loading=\"lazy\" decoding=\"async\" class=\"wp-image-954 alignnone\" src=\"https:\/\/odsfm.com\/wp-content\/uploads\/2019\/02\/Odemorph-mal.png\" alt=\"\" width=\"247\" height=\"175\" \/><\/a><br \/>\n<strong>Insect Collection at Bulolo University College, Papua New Guinea<\/strong><\/p>\n","protected":false},"excerpt":{"rendered":"<p>Book Projects Naturgeschichtchen Allg\u00e4u Zum Greifen nah: Die Sterne \u00fcber dem Allg\u00e4u Naturgeschichte Allg\u00e4u Discover Inhabane Nature (Leseprobe) Entomology &#8211; A Textbook for Students, Agriculturalists and Foresters in Papua New Guinea Environmental Education Digital information is in, infotainment instead of textbased information Information System for Primavera Life \u00a0 \u00a0 \u00a0 \u00a0 \u00a0\u00a0 Project Management Arche<\/p>\n","protected":false},"author":1,"featured_media":0,"parent":0,"menu_order":0,"comment_status":"closed","ping_status":"closed","template":"","meta":{"_uf_show_specific_survey":0,"_uf_disable_surveys":false,"footnotes":""},"class_list":["post-177","page","type-page","status-publish","hentry"],"_links":{"self":[{"href":"https:\/\/odsfm.com\/en\/wp-json\/wp\/v2\/pages\/177","targetHints":{"allow":["GET"]}}],"collection":[{"href":"https:\/\/odsfm.com\/en\/wp-json\/wp\/v2\/pages"}],"about":[{"href":"https:\/\/odsfm.com\/en\/wp-json\/wp\/v2\/types\/page"}],"author":[{"embeddable":true,"href":"https:\/\/odsfm.com\/en\/wp-json\/wp\/v2\/users\/1"}],"replies":[{"embeddable":true,"href":"https:\/\/odsfm.com\/en\/wp-json\/wp\/v2\/comments?post=177"}],"version-history":[{"count":8,"href":"https:\/\/odsfm.com\/en\/wp-json\/wp\/v2\/pages\/177\/revisions"}],"predecessor-version":[{"id":2917,"href":"https:\/\/odsfm.com\/en\/wp-json\/wp\/v2\/pages\/177\/revisions\/2917"}],"wp:attachment":[{"href":"https:\/\/odsfm.com\/en\/wp-json\/wp\/v2\/media?parent=177"}],"curies":[{"name":"wp","href":"https:\/\/api.w.org\/{rel}","templated":true}]}}