{"id":174,"date":"2018-10-30T17:06:52","date_gmt":"2018-10-30T17:06:52","guid":{"rendered":"http:\/\/odsfm.com\/?page_id=174"},"modified":"2025-12-29T14:44:22","modified_gmt":"2025-12-29T14:44:22","slug":"publications","status":"publish","type":"page","link":"https:\/\/odsfm.com\/en\/publications\/","title":{"rendered":"Publications"},"content":{"rendered":"<ul>\n<li>Schneider, M. (2024) Zeitreise &#8211; Das Allg\u00e4u w\u00e4hrend der Steinzeit. <a href=\"https:\/\/www.yumpu.com\/de\/document\/view\/69296579\/auszeit-allgau-magazin-ausgabe-nr-2-2023\">Auszeit-Journa<\/a>l <strong>2\/2024<\/strong>: 6-10<\/li>\n<li>B\u00f6ning, P., Plewnia, A., Virgo, J., Adam, J., Banowski, N., Bleidi\u00dfel, S., Dabbagh, N., Dalbeck, L., D\u00fcssel, H., Ellwart, S., Feiler, L., Ferner, V., Fischer, M., Gemeinhardt, L., Guschal, M., Geiger, A., Hansbauer, G., Hechinger, M., Hildwein, T., Hirz, A., Hoppe, M., Jung, L., Jurczyk, M., Kirst, K., Kupfer, A., Melville, D. W., Odenw\u00e4lder, G., Ohloff, D., Peters, M., Preissler, K., Prietzel, M., Reinhardt, T., Schl\u00fcpmann, M., Schneider, M., Schreiber, R., Schulte, U., Schulz, V., Schweinsberg, M., Schwemmer, H., Sommmer, S., Steinfartz, S., Thein, J., Twietmeyer, S., Vences, M., Vogt-Pokrant, F., Wagner, N., Wegge, J., Ziemek, H.-P., Veith, M. &amp; L\u00f6tters, S. (2024) <a href=\"https:\/\/shop.laurenti.de\/product_info.php?products_id=1364\">Die Salamanderpest: Charakterisierung, aktuelle Situation in Deutschland, Handlungsempfehlungen<\/a>. Zeitschrift f\u00fcr Feldherpetologie <strong>31:<\/strong> 1\u201338<\/li>\n<li>Schneider, M. F. &amp; Schreiber, R. (2023) <a href=\"https:\/\/odsfm.com\/wp-content\/uploads\/2023\/11\/Salamander-Pest-im-Allgaeu-Naturkundl.-Beitr.-58202343-47.pdf\">Die Salamanderpest ist im Allg\u00e4u angekommen<\/a>.\u00a0Der Salamanderpilz <em>Batrachochytrium salamandrivorans<\/em> im s\u00fcdlichen Schwaben.<em> Naturkundl. Beitr\u00e4ge Allg\u00e4u <\/em><strong>58: <\/strong>43-47<\/li>\n<li>Schneider, M. F. (2023) <a href=\"https:\/\/odsfm.com\/wp-content\/uploads\/2023\/11\/Biodiv.-Primavera-Garten-Naturkundl.-Beitr.-58202377-85-1.pdf\">Biodiversit\u00e4t im Primavera-Garten in Oy-Mittelberg<\/a> (Bayern, Lkr. Oberallg\u00e4u).<em> Naturkundl. Beitr\u00e4ge Allg\u00e4u <\/em><strong>58:<\/strong> 77-85<\/li>\n<li>Schneider, M. (2023) Auf Spurensuche im Schnee. <a href=\"https:\/\/www.yumpu.com\/de\/document\/read\/68532204\/auszeit-magazin-ausgabe-nr-2-2023\">Auszeit-Journa<\/a>l <strong>2\/2023<\/strong>: 4-6<\/li>\n<li>Schneider, M. (2023) Vom Urknall zum Allg\u00e4u. <a href=\"https:\/\/www.yumpu.com\/de\/document\/view\/68322720\/auszeit-magazin-ausgabe-nr-1-2023\">Auszeit-Journal<\/a> <strong>1\/2023<\/strong>: 4-13<\/li>\n<li>B\u00f6ning, P., J. Virgo, S. Bleidi\u00dfel, N. Dabbagh, L. Dalbeck, S. Ellwart, L. Feiler, V. Ferner, T. Fleck, L. Gemeinhardt M. Guschal, G. Hansbauer, K. Kirst, T. Kordges, L. K\u00fchnle, S. Neumann, A. Plewnia, K. Preissler, M. Schl\u00fcpmann, M. Schneider, R. Schreiber, J. Thein, R. Thielen, S. Twietmeyer, M. Veith, S L\u00f6tters &amp; M. Schweinsberg (2023) Key questions about the impact of the salamander plague on the Northern crested newt, <em><i>Triturus cristatus <\/i><\/em>\u2013 a German perspective. SALAMANDRA 59(2): 107\u2013116<\/li>\n<li>Schneider, M. F. (2023) <a href=\"https:\/\/www.regio-ranger.de\/de\/kurse-shop\/online-kurse-1\/lebensraum-gebirge-1\">Lebensraum Gebirge &#8211; Online-Kurs zum Selbststudium<\/a>. <a href=\"https:\/\/www.regio-ranger.de\/\">Regio Ranger<\/a><\/li>\n<li>Schreiber, R., Schneider, M. &amp; Hansbauer, G. (2023)<a href=\"https:\/\/odsfm.com\/wp-content\/uploads\/2023\/06\/Bsal-Screening-im-Landkreis-Unterallgaeu-Abschlussbericht-14.4.2023.pdf\"> Bsal-Screening im Lkr. Unterallg\u00e4u &#8211; Abschlussbericht 2022;<\/a> Bayerisches Landesamt f\u00fcr Umwelt (Hrsg.), Augsburg<\/li>\n<li>Schneider, M. F. (2020) <a href=\"https:\/\/odsfm.com\/wp-content\/uploads\/2020\/12\/Botanische-Kartierung-Wiedergeltinger-Waeldchen-Naturkundl.-Beitraege-Allgaeu-55-2020-47-52.pdf\">Botanische Kartierung des Wiedergeltinger W\u00e4ldchens, Gemeinde Wiedergeltingen, Lkr. Unterallg\u00e4u, Bayern<\/a>. <em>Naturkundl. Beitr\u00e4ge Allg\u00e4u <\/em><strong>55<\/strong>: 47-52<\/li>\n<li>Schneider, M. F. (2020) Steckbrief L\u00f6wenzahn. In: Haas, U. (Hrsg.) Rund um den Allg\u00e4uer L\u00f6wenzahn. Nature Art Verlag, Memmingen<\/li>\n<li>Schneider, M. F. (2019) <a href=\"https:\/\/odsfm.com\/wp-content\/uploads\/2019\/10\/Einfluss-des-Klimawandels-auf-Flora-Fauna-und-Lebensr%C3%A4ume-in-den-Landkreisen-Ober-Ost-und-Unterallg%C3%A4u.pdf\">Einfluss des Klimawandels auf Flora, Fauna und Lebensr\u00e4ume in den Landkreisen Ober-, Ost- und Unterallg\u00e4u Bayern, Deutschland)<\/a>. <em>Naturkundl. Beitr\u00e4ge Allg\u00e4u <\/em><strong>54<\/strong>: 3-31<strong><br \/>\n<\/strong><\/li>\n<li>Schneider, M. F. &amp; Sch\u00f6nberger, P. (2018) <a href=\"https:\/\/odsfm.com\/naturgeschichtchen\/\">Naturgeschichtchen Allg\u00e4u<\/a> \u2013 Entdecke mit einem Schmetterling das wunderbare Allg\u00e4u; Bauer-Verlag, Thalhofen, 232 p., ISBN 978-3-95551-059-6<\/li>\n<li>Schneider, M. F. (2017) <a href=\"https:\/\/odsfm.com\/wp-content\/uploads\/2018\/11\/Bachmuschel_im_Allgaeu_und_suedl_Schwaben-1.pdf\">Die Bachmuschel \u2013 Biologie und Verbreitung im Allg\u00e4u und s\u00fcdlichen Regierungsbezirk Schwaben<\/a>. <em>Naturkundl. Beitr\u00e4ge Allg\u00e4u <\/em><strong>52: <\/strong>13-21<\/li>\n<li>Schneider, M., Wunder, C., Reuss, E., Toennes, S. W. &amp; Mebs, D. (2017) Evading plant defence: Infestation of poisonous milkweed fruits (Asclepiadaceae) by the fruit fly <em>Dacus siliqualactis<\/em> (Diptera<em>:<\/em> Tephritidae). <a href=\"https:\/\/doi.org\/10.1016\/j.toxicon.2017.09.011\"><em>Toxicon <\/em><strong>139:<\/strong> 13-19<\/a><\/li>\n<li>Schneider, M. (2015) Schwaben \u2013 Flora und Fauna. In Frei, H. &amp; Stettmayer, F. (Hrsg.): Schwaben in Bayern. Historisch-geographische Landeskunde eines Regierungsbezirks; Kunstverlag Josef Fink; Lindenberg; pp. 58-65, ISBN 978-3-89870-913-2<\/li>\n<li>Schneider, M. F. (2015) <a href=\"https:\/\/odsfm.com\/zum-greifen-nah\/\">Zum Greifen nah: Die Sterne \u00fcber dem Allg\u00e4u<\/a>; Bauer-Verlag, Thalhofen; p. 40; ISBN 978-3-95551-011-4<\/li>\n<li>Schneider, M. (2014, 2015, 2016, 2018)\u00a0<a href=\"https:\/\/odsfm.com\/allgaeuer-wildblumen\/\">Plakat Allg\u00e4uer Wildblumen<\/a> &#8211; Bestimmung ausgew\u00e4hlter Wildblumen des Allg\u00e4us nach Bl\u00fctenfarbe und -form, Farbposter DIN A1 (594 x 841 mm), Bauer-Verlag, Thalhofen<\/li>\n<li>Schneider, M. (2014) <a href=\"https:\/\/odsfm.com\/wp-content\/uploads\/2018\/11\/Pazifik-Rundbrief_9.14.pdf\">S\u00fcdpazifik trifft Allg\u00e4u<\/a>; Forum f\u00fcr Mitglieder und Freunde des Pazifik &#8211; Netzwerkes e. V., Rundbrief 97-3\/14: 20-22<\/li>\n<li>Schneider, M. (2013) <a href=\"https:\/\/odsfm.com\/wp-content\/uploads\/2018\/11\/Wertacher_Hoernle_Leben_im_Allgaeu-1.pdf\">Blumenberg Wertacher Hoernle<\/a>; Leben im Allg\u00e4u, Fr\u00fchling 2013: 62-63<\/li>\n<li>Schneider, M. (2012) <a href=\"https:\/\/odsfm.com\/wp-content\/uploads\/2018\/11\/Spurensuche_im_Schnee-1.pdf\">Spurensuche im Schnee<\/a>; Leben im Allg\u00e4u, Winter 2012\/13: 12-13<\/li>\n<li>Schneider, M. (2012) <a href=\"https:\/\/odsfm.com\/wp-content\/uploads\/2018\/11\/Naturstandort_Wertacher_Hornle_Natur_Garten10-12-1.pdf\">Naturstandort Wertacher Hornle<\/a>; <a href=\"http:\/\/www.naturgarten.org\">Natur &amp; Garten<\/a> 4\/2012: 40-41<\/li>\n<li>Schneider, M. (2012) <a href=\"https:\/\/odsfm.com\/wp-content\/uploads\/2018\/11\/Giftpflanzen_des_Allgaus-1.pdf\">Giftpflanzen des Allgaus<\/a>; Leben im Allg\u00e4u III\/2012: 22-25<\/li>\n<li>Schneider, M. (2011, 2012, 2014, 2020, 2024) <a href=\"https:\/\/odsfm.com\/naturgeschichte\/\">Naturgeschichte Allg\u00e4u<\/a> (Natural History of the Allgaeu Region); Bauer-Verlag, Thalhofen\/Verlag Regionalkultur, Ubstadt-Weiher, 624 p.; ISBN 978-3-941013-80-3<\/li>\n<li>Mebs, D., Pogoda, W., Schneider, M. &amp; Kauert, G. (2009) Cantharidin and demethylcantharidin (palasonin) content of blister beetles (Coleoptera: Meloidae) from Southern Africa. <a href=\"http:\/\/dx.doi.org\/10.1016\/j.toxicon.2009.01.005\">Toxicon 53: 466-468<\/a><\/li>\n<li>Mebs, D., Boppr\u00e9, M., Fischer, O.W., Schneider, M., Reuss, E., Wagner, M. &amp; Kauert, G. (2008) Fruit flies (Diptera: Tephritidae: <em>Dacus<\/em> spp.) overcome structural, mechanical and chemical defences of\u00a0 milkweeds (Asclepiadaceae). Abstract of a presentation at the 16th\u00a0 European Section Meeting of the International Society on Toxinology,\u00a0 B-Leuven, Sept. 2008<\/li>\n<li>Schneider, M. F. &amp; Jorge, A. A. (2007) Prey selection of the Barn Owl and the Spotted Eagle-owl in humandegraded and natural environments in southern Mozambique. <a href=\"http:\/\/dx.doi.org\/10.2989\/OSTRICH.2007.78.3.16.327\">Ostrich 78(3): 655-657<\/a><\/li>\n<li>Schneider, M. F., Buramuge, V. A., Aliasse, L., Serfontein, F. (2007) <a href=\"https:\/\/odsfm.com\/Database\/index.htm\">Database of Vertebrates and Centres of Vertebrate Diversity in Mozambique<\/a>.<\/li>\n<li>Yotsu-Yamashita, M., Mebs, D., Kwet, A. &amp; Schneider, M. (2007) Tetrodotoxin and its analogue 6-epitetrodotoxin in newts (<em>Triturus <\/em>spp.; Urodela, Salamandridae) from Southern Germany. <a href=\"http:\/\/dx.doi.org\/10.1016\/j.toxicon.2007.03.019\">Toxicon 50: 306-309<\/a><\/li>\n<li>Schneider, M. F. &amp; Buramuge, V. A. (2005) Atlas of the Microscopic Hair Structure of Southern African Shrews, Hedgehogs, Golden Moles and Elephant-shrews (Mammalia). Bonner zoologische Beitr\u00e4ge 54: 103-173<\/li>\n<li>Schneider, M. F., Buramuge, V. A., Aliasse, L., Serfontein, F. (2005) Checklist and Centres of Vertebrate Diversity in Mozambique. The World Conservation Union (IUCN Mozambique), Interactive CD-ROM<\/li>\n<li>Schneider, M. F., de Sousa, C., Tauacale, F. &amp; Aliasse, L. (2005) Aplica\u00e7\u00f5es do Sistema de Informa\u00e7\u00e3o Geogr\u00e1fica (GIS) na Planifica\u00e7\u00e3o de \u00c1reas Protegidas e Maneio de Fauna Bravia [Applications of the Geographic Information System (GIS) in Planning of Protected Areas and Wildlife Management]. <a href=\"https:\/\/odsfm.com\/wp-content\/uploads\/2018\/11\/Aplicacoes_do_GIS_na_Planificacao_de_Areas_Protegidas_e_Maneio_de_Fauna_Bravia-1.pdf\">Mat\u00e9ria Prima 4: 23-34<\/a><\/li>\n<li>Mebs, D., Reuss, E. &amp; Schneider, M. F. (2005) Studies on the cardenolide sequestration in African milkweed butterflies (Danaidae). <a href=\"http:\/\/dx.doi.org\/10.1016\/j.toxicon.2004.12.017\">Toxicon 45: 581-584<\/a><\/li>\n<li>Serfontein, F. &amp; Schneider, M. F. (2004) Descubra a Natureza de Inhambane \u2013 Discover Inhambane Nature. The World Conservation Union (IUCN) &amp; Gesellschaft f\u00fcr Technische Zusammenarbeit (gtz), Maputo, 78 pp, ISBN 1-900164-07-8<\/li>\n<li>Schneider, M.F. (2003) Consequ\u00eancias da acumula\u00e7\u00e3o de folhas secas na planta\u00e7\u00e3o de Eucaliptos em Zitundo, Distrito de Matutui\u00edne [Consequences of Leaf Litter Accumulation in a Eucalyptus Plantation in Zitundo, Matutui\u00edne District]. <a href=\"https:\/\/odsfm.com\/wp-content\/uploads\/2018\/11\/Folhas_Secas_de_Eucalipto-1.pdf\">Mat\u00e9ria Prima 3: 37-42<\/a><\/li>\n<li>Schneider, M.F. (2003) Ocorr\u00eancia de esp\u00e9cies comerciais ex\u00f3ticas de peixe no rio Limpopo depois das cheias do ano 2000 [Occurrence of commercial exotic fish species in the Limpopo River after the flood in 2000].\u00a0 <a href=\"https:\/\/odsfm.com\/wp-content\/uploads\/2018\/11\/Ocorrencia_das_Especies_Comerciais_Exoticas_de_Peixe_no_Rio_Limpopo_depois_das_Cheias_no_Ano_2000-1.pdf\">Mat\u00e9ria Prima 3: 31-36<\/a><\/li>\n<li>Schneider, M. F. (2002) Controle do Porco-Espinho do Cabo <em>Hystrix africaeaustralis <\/em>L., 1758 na \u00c1rea de Reflorestamento de Catap\u00fa, Prov\u00edncia de Sofala [Controle of the Cape Porcupine <em>Hystrix africaeaustralis<\/em> L., 1758 in the Catap\u00fa Reforestation Area, Sofala Province]. Proceedings <em>1.<\/em> Semin\u00e1rio Nacional de Investiga\u00e7\u00e3o Agr\u00e1ria, 31 July \u2013 2 August 2002, Maputo, Mozambique<\/li>\n<li>Sitoe, A., Bandeira, R., Ribeiro, N., Nhamucho, L. &amp; Schneider, M. F. (2002) Impacto das Cheias de 2000 sobre a Biodiversidade do Vale do Rio Limpopo [Impact of the Flood in 2000 on Biodiversity in the Limpopo River Valley]. Proceedings 1. Semin\u00e1rio Nacional de Investiga\u00e7\u00e3o Agr\u00e1ria, 31 July \u2013 2 August 2002, Maputo, Mozambique<\/li>\n<li>Mebs, D. &amp; Schneider, M. (2002) Aristolochic acid content of South-East Asian troidine swallowtails (Lepidoptera: Papilionidae) and of <em>Aristolochia <\/em>plant species (Aristolochiaceae)<em>. <\/em><a href=\"https:\/\/doi.org\/10.1007\/s00049-002-8321-5\">Chemoecology 12: 11-13<\/a><\/li>\n<li>Schneider, M. &amp; Dorn, A. (2001): Differential infectivity of two <em>Pseudomonas<\/em> species and the immune response in the milkweed bug, <em>Oncopeltus fasciatus<\/em> (Insecta: Hemiptera). <a href=\"http:\/\/dx.doi.org\/10.1006\/jipa.2001.5054\">J. Invert. Pathol. 78 (3): 135-140<\/a><\/li>\n<li>Schneider, M. F. (2001): Observation on the Aggregation Behaviour of <em>Arcte coerula <\/em>Guen\u00e9e (Lepidoptera: Noctuidae). <a href=\"https:\/\/odsfm.com\/wp-content\/uploads\/2019\/01\/Aggregation-Behaviour-of-Arcte-Coerula.pdf\">Science in New Guinea 26: 34-37<\/a><\/li>\n<li>Jenkihau, A. S., Bowin, S. T. &amp; Schneider, F. M. (2001): Effects of Aqueous Neem and<em> Melia azedarach <\/em>Extracts on the Early Development of <em>Eurema blanda.<\/em> <a href=\"https:\/\/odsfm.com\/wp-content\/uploads\/2019\/01\/Effects-of-Aqueous-Neem-and-Melia-azedarach-Extracts-on-the-Early-Development-of-Eurema-blanda.pdf\">Science in New Guinea 26: 27-33<\/a><\/li>\n<li>Mebs, D., Zehner, R. &amp; Schneider, M. (2000): Molecular Studies on the Oubain Binding Site of the Na<sup>+<\/sup>, K<sup>+<\/sup>-ATPase in Milkweed Butterflies. <a href=\"https:\/\/doi.org\/10.1007\/PL00001823\">Chemoecology 10: 201-203<\/a><\/li>\n<li>Dobunaba, W. J. &amp; Schneider, M. F. (1999): <a href=\"http:\/\/www.odsfm.com\/wp-content\/uploads\/CDBinatang\/index.html\">Binatang &#8211; A Pictorial Catalogue of Papua New Guinea&#8217;s Insects<\/a>; Interactive CD-ROM; ISBN 9980-85-261-5<\/li>\n<li>Schneider, M. F. (1999): <a href=\"https:\/\/odsfm.com\/InsectPestKey\/index.htm\">Key to the Forest Insect Pests of Papua New Guinea<\/a>; interactive CD-ROM and Internet version; ISBN 9980-85-260-7<\/li>\n<li>Schneider, M. F. (1999): <a href=\"https:\/\/odsfm.com\/entomology\/\">Entomology &#8211; A Textbook for Students, Agriculturalists and Foresters in Papua New Guinea<\/a>; Training Manual No. 19; Bulolo University College; Bulolo; PNG; ISBN 9980-85-259-3; 312 p.<\/li>\n<li>Dorn, A., Schneider, M., Botens, F.F.W., Holtmann, M. &amp;Petzak, I. (1997): Field Application of the Juvenile Hormone Analogue Fenoxycarb against Hopperbands of <em>Locusta migratoria capito<\/em> in Madagascar. In: Krall, S., Peveling, R. &amp; Ba Diallo, D. (eds.): New Strategies in Locust Control. Birkh\u00e4user Verlag, Basel, Switzerland; pp. 143-150<\/li>\n<li>Schneider, M., Wiesel, G. &amp; Dorn, A. (1995): Effects of JH III and JH Analogues on Phase-related Growth, Egg Maturation and Lipid Metabolism in <em>Schistocerca gregaria <\/em>Females. <a href=\"http:\/\/dx.doi.org\/10.1016\/0022-1910(94)00090-4\">J. Insect Physiol. 41 (1): 23-31<\/a><\/li>\n<li>Schneider, M. &amp; Dorn, A. (1994): Lipid Storage and Mobilization by Flight in Relation to Phase and Age of <em>Schistocerca gregaria <\/em>Females. <a href=\"http:\/\/dx.doi.org\/10.1016\/0965-1748(94)90017-5\">Insect Biochem. Molec. Biol. 24 (9): 883-889<\/a><\/li>\n<li>Dorn, A., Wiesel, G. &amp; Schneider, M. (1994): Juvenile Hormone Analogues in Locust Control. In: Krall, S. &amp; Wilps, H. (eds.): New Trends in Locust Control. Schreiftenreihe der Deutschen Gesellschaft f\u00fcr Technische Zusammenarbeit (GTZ), No. 245; Eschborn, Germany; pp. 91-106<\/li>\n<li>Schneider, M. (1992): Untersuchung des Fettstoffwechsels der W\u00fcstenheuschrecke <em>Schistocerca gregaria <\/em>unter besonderer Ber\u00fccksichtigung des Phasenpolymorphismus, der Wirkung von Juvenilhormon und Analogen. Dissertation am Fachbereich Biologie der Universit\u00e4t Mainz [Examination of Lipid Metabolism of the Desert Locust <em>Schistocerca gregaria <\/em>with special Reference to Phase Polymorphism, Effects of Juvenile Hormone and Analogues; PhD Thesis; Johannes-Gutenberg-University, Mainz; Germany]<\/li>\n<li>Maercker, D., Perrey, R., Schneider, M. &amp; Wink, M. (1992): Genexpression in Lupinenzellkulturen. In: Wink, M. (ed.) Lupinen 1991- Forschung, Anbau und Verwertung. pp.166-174<\/li>\n<li>Wink, M., Perrey, R., Schneider, M., Warskulat, U., v. Borstel, K. &amp; Mende, P. (1992): Alkaloid Metabolism and Gene Expression in Cell Suspension Cultures of <em>Lupinus polyphyllus <\/em>and <em>Lupinus hartwegii.<\/em> In: Oono, K. et al. (eds.): Plant Tissue Culture and Gene Manipulation for Breeding and Formation of Phytochemicals. NIAR; Japan; pp. 99-116<\/li>\n<li>Schneider, M. (1990): Vergleich der Genexpression in Pflanzen und Zellsuspensionskulturen von <em>Lupinus polyphyllus;<\/em> Diplomarbeit am Fachbereich Biologie der Universit\u00e4t Mainz [Comparison of Gene Expression in Plants and Tissue Cultures of <em>Lupinus polyphyllus<\/em>; MSc Thesis; University Mainz and Heidelberg; Germany]<\/li>\n<li>Perrey, R., Schneider, M. &amp; Wink, M. (1990): Tissue-specific Expression of a cDNA Clone from Cell Suspension Cultures of <em>Lupinus polyphyllus. <\/em><a href=\"https:\/\/doi.org\/10.1007\/BF00019403\">Plant Molecular Biology 14: 1055-1056<\/a><\/li>\n<\/ul>\n<p><strong>Reprints available from michaelfschneider(a)gmx.de<\/strong><\/p>\n","protected":false},"excerpt":{"rendered":"<p>Schneider, M. (2024) Zeitreise &#8211; Das Allg\u00e4u w\u00e4hrend der Steinzeit. Auszeit-Journal 2\/2024: 6-10 B\u00f6ning, P., Plewnia, A., Virgo, J., Adam, J., Banowski, N., Bleidi\u00dfel, S., Dabbagh, N., Dalbeck, L., D\u00fcssel, H., Ellwart, S., Feiler, L., Ferner, V., Fischer, M., Gemeinhardt, L., Guschal, M., Geiger, A., Hansbauer, G., Hechinger, M., Hildwein, T., Hirz, A., Hoppe, M.,<\/p>\n","protected":false},"author":1,"featured_media":0,"parent":0,"menu_order":0,"comment_status":"closed","ping_status":"closed","template":"","meta":{"_uf_show_specific_survey":0,"_uf_disable_surveys":false,"footnotes":""},"class_list":["post-174","page","type-page","status-publish","hentry"],"_links":{"self":[{"href":"https:\/\/odsfm.com\/en\/wp-json\/wp\/v2\/pages\/174","targetHints":{"allow":["GET"]}}],"collection":[{"href":"https:\/\/odsfm.com\/en\/wp-json\/wp\/v2\/pages"}],"about":[{"href":"https:\/\/odsfm.com\/en\/wp-json\/wp\/v2\/types\/page"}],"author":[{"embeddable":true,"href":"https:\/\/odsfm.com\/en\/wp-json\/wp\/v2\/users\/1"}],"replies":[{"embeddable":true,"href":"https:\/\/odsfm.com\/en\/wp-json\/wp\/v2\/comments?post=174"}],"version-history":[{"count":1,"href":"https:\/\/odsfm.com\/en\/wp-json\/wp\/v2\/pages\/174\/revisions"}],"predecessor-version":[{"id":2913,"href":"https:\/\/odsfm.com\/en\/wp-json\/wp\/v2\/pages\/174\/revisions\/2913"}],"wp:attachment":[{"href":"https:\/\/odsfm.com\/en\/wp-json\/wp\/v2\/media?parent=174"}],"curies":[{"name":"wp","href":"https:\/\/api.w.org\/{rel}","templated":true}]}}