{"id":171,"date":"2018-11-24T17:15:07","date_gmt":"2018-11-24T17:15:07","guid":{"rendered":"http:\/\/odsfm.com\/?page_id=171"},"modified":"2025-12-29T14:31:05","modified_gmt":"2025-12-29T14:31:05","slug":"links","status":"publish","type":"page","link":"https:\/\/odsfm.com\/en\/links\/","title":{"rendered":"Links"},"content":{"rendered":"<ul>\n<li><a href=\"https:\/\/www.youtube.com\/creatonotos\">Michaels YouTube-Kanal<\/a><\/li>\n<li><a href=\"https:\/\/www.primaveralife.com\/\">Primavera Life<\/a><\/li>\n<li><a href=\"http:\/\/www.pfeiffermuehle.com\/\">Hotel Pfeifferm\u00fchle, Wertach<\/a><\/li>\n<li><a href=\"https:\/\/verlag-regionalkultur.de\/\">Verlag Regionalkultur<\/a><\/li>\n<li><a href=\"http:\/\/biodiv-arche.de\/\">Biodiversit\u00e4tsprojekt &#8220;Arche Noah Unterallg\u00e4u&#8221;<\/a><\/li>\n<li><a href=\"http:\/\/www.bachmuschel.de\/\">Bachmuschel im Unterallg\u00e4u<\/a><\/li>\n<li><a href=\"http:\/\/azurjungfer.de\/\">Libellen im Unterallg\u00e4u<\/a><\/li>\n<li><a href=\"http:\/\/www.lpv-unterallgaeu.de\/\">Landschaftspflegeverband Unterallg\u00e4u<\/a><\/li>\n<li><a href=\"https:\/\/www.landschaftspflege-allgaeu.de\/\">Landschaftspflegeverband Oberallg\u00e4u\/Kempten<\/a><\/li>\n<li><a href=\"http:\/\/www.bayerns-ureinwohner.de\">Bayerns UrEinwohner<\/a><\/li>\n<li><a href=\"http:\/\/www.wandernunderleben-allgaeu.de\/\">Wandern &amp; Erleben Allg\u00e4u<\/a><\/li>\n<li><a href=\"https:\/\/www.wanderverband-bayern.de\/akademie\/\">Bayerische Wanderakademie<\/a><\/li>\n<li><a href=\"https:\/\/www.dav-augsburg.de\/\">Deutscher Alpenverein, Sektion Augsburg<\/a><\/li>\n<li><a href=\"http:\/\/www.allgaeuer-heimatakademie.de\/\">Allg\u00e4uer Heimatakademie (AHA)<\/a><\/li>\n<li><a href=\"http:\/\/www.verlag-bauer.de\">Bauer-Verlag, Thalhofen<\/a><\/li>\n<li><a href=\"http:\/\/www.wigwam-tours.de\">WIGWAM Naturreisen &amp; Expeditionen GmbH<\/a><\/li>\n<li><a href=\"http:\/\/www.fzi.uni-freiburg.de\">Institut f\u00fcr Forstzoologie, Albert-Ludwigs-Universit\u00e4t Freiburg<\/a><\/li>\n<li><a href=\"https:\/\/odsfm.com\/InsectPestKey\/index.htm\">Forest Insect Pests of Papua New Guinea<\/a><\/li>\n<li><a href=\"https:\/\/odsfm.com\/Database\/index.htm\">Database of Vertebrates and Centres of Vertebrate Diversity in Mozambique <\/a><\/li>\n<li>Friends and Wantoks of Papua New Guinea<\/li>\n<li><a href=\"http:\/\/www.wertachfreunde.de\/\">Wertachfreunde<\/a><\/li>\n<\/ul>\n","protected":false},"excerpt":{"rendered":"<p>Michaels YouTube-Kanal Primavera Life Hotel Pfeifferm\u00fchle, Wertach Verlag Regionalkultur Biodiversit\u00e4tsprojekt &#8220;Arche Noah Unterallg\u00e4u&#8221; Bachmuschel im Unterallg\u00e4u Libellen im Unterallg\u00e4u Landschaftspflegeverband Unterallg\u00e4u Landschaftspflegeverband Oberallg\u00e4u\/Kempten Bayerns UrEinwohner Wandern &amp; Erleben Allg\u00e4u Bayerische Wanderakademie Deutscher Alpenverein, Sektion Augsburg Allg\u00e4uer Heimatakademie (AHA) Bauer-Verlag, Thalhofen WIGWAM Naturreisen &amp; Expeditionen GmbH Institut f\u00fcr Forstzoologie, Albert-Ludwigs-Universit\u00e4t Freiburg Forest Insect Pests of Papua<\/p>\n","protected":false},"author":1,"featured_media":0,"parent":0,"menu_order":0,"comment_status":"closed","ping_status":"closed","template":"","meta":{"_uf_show_specific_survey":0,"_uf_disable_surveys":false,"footnotes":""},"class_list":["post-171","page","type-page","status-publish","hentry"],"_links":{"self":[{"href":"https:\/\/odsfm.com\/en\/wp-json\/wp\/v2\/pages\/171","targetHints":{"allow":["GET"]}}],"collection":[{"href":"https:\/\/odsfm.com\/en\/wp-json\/wp\/v2\/pages"}],"about":[{"href":"https:\/\/odsfm.com\/en\/wp-json\/wp\/v2\/types\/page"}],"author":[{"embeddable":true,"href":"https:\/\/odsfm.com\/en\/wp-json\/wp\/v2\/users\/1"}],"replies":[{"embeddable":true,"href":"https:\/\/odsfm.com\/en\/wp-json\/wp\/v2\/comments?post=171"}],"version-history":[{"count":2,"href":"https:\/\/odsfm.com\/en\/wp-json\/wp\/v2\/pages\/171\/revisions"}],"predecessor-version":[{"id":2902,"href":"https:\/\/odsfm.com\/en\/wp-json\/wp\/v2\/pages\/171\/revisions\/2902"}],"wp:attachment":[{"href":"https:\/\/odsfm.com\/en\/wp-json\/wp\/v2\/media?parent=171"}],"curies":[{"name":"wp","href":"https:\/\/api.w.org\/{rel}","templated":true}]}}